{"id":9293,"date":"2021-06-10T10:33:20","date_gmt":"2021-06-10T08:33:20","guid":{"rendered":"https:\/\/www.dolomitirocce.it\/?page_id=9293"},"modified":"2021-10-26T14:28:32","modified_gmt":"2021-10-26T12:28:32","slug":"news","status":"publish","type":"page","link":"https:\/\/www.dolomitirocce.it\/de\/news\/","title":{"rendered":"News"},"content":{"rendered":"<div data-elementor-type=\"wp-page\" data-elementor-id=\"9293\" class=\"elementor elementor-9293\" data-elementor-settings=\"[]\">\n\t\t\t\t\t\t\t<div class=\"elementor-section-wrap\">\n\t\t\t\t\t\t\t<section data-particle_enable=\"false\" data-particle-mobile-disabled=\"false\" class=\"elementor-section elementor-top-section elementor-element elementor-element-8bcda01 elementor-section-full_width elementor-section-height-default elementor-section-height-default mkdf-parallax-row-no mkdf-content-aligment-left mkdf-elementor-row-grid-no mkdf-disabled-bg-image-bellow-no mkdf-row-btt-light\" data-id=\"8bcda01\" data-element_type=\"section\">\n\t\t\t\t\t\t<div class=\"elementor-container elementor-column-gap-no\">\n\t\t\t\t\t\t\t\t<\/div>\n\t\t<\/section>\n\t\t<div class=\"mkdf-elementor-row\" style=\"\">\t\t<section data-particle_enable=\"false\" data-particle-mobile-disabled=\"false\" class=\"elementor-section elementor-top-section elementor-element elementor-element-41ed72d mkdf-elementor-row-grid-section elementor-hidden-mobile elementor-section-boxed elementor-section-height-default elementor-section-height-default mkdf-parallax-row-no mkdf-content-aligment-left mkdf-disabled-bg-image-bellow-no mkdf-row-btt-light\" data-id=\"41ed72d\" data-element_type=\"section\">\n\t\t\t\t\t\t<div class=\"elementor-container elementor-column-gap-default\">\n\t\t\t\t\t<div class=\"elementor-column elementor-col-100 elementor-top-column elementor-element elementor-element-3216f1e0\" data-id=\"3216f1e0\" data-element_type=\"column\">\n\t\t\t<div class=\"elementor-widget-wrap elementor-element-populated\">\n\t\t\t\t\t\t\t\t<div class=\"elementor-element elementor-element-b313045 elementor-widget elementor-widget-text-editor\" data-id=\"b313045\" data-element_type=\"widget\" data-widget_type=\"text-editor.default\">\n\t\t\t\t<div class=\"elementor-widget-container\">\n\t\t\t\t\t\t\t<h1><span style=\"color: #6a6a6a;\">NEWS<\/span><\/h1>\t\t\t\t\t\t<\/div>\n\t\t\t\t<\/div>\n\t\t\t\t\t<\/div>\n\t\t<\/div>\n\t\t\t\t\t\t\t<\/div>\n\t\t<\/section>\n\t\t<div class=\"mkdf-row-background-text-holder mkdf-row-background-text-front\"><div class=\"mkdf-row-background-text-wrapper\"><div class=\"mkdf-row-background-text-wrapper-inner\" style=\"font-size:180px;vertical-align:middle;padding-left:15.5%\" data-font-size-1440=160px data-font-size-1280=160px data-padding-left-size-1440=3.4% data-padding-left-size-1280=3.4%><div class=\"mkdf-row-background-text-1\">UNSERE<\/div><\/div><\/div><\/div><\/div>\t\t<section data-particle_enable=\"false\" data-particle-mobile-disabled=\"false\" class=\"elementor-section elementor-top-section elementor-element elementor-element-21925a48 elementor-hidden-desktop elementor-hidden-tablet elementor-section-boxed elementor-section-height-default elementor-section-height-default mkdf-parallax-row-no mkdf-content-aligment-left mkdf-elementor-row-grid-no mkdf-disabled-bg-image-bellow-no mkdf-row-btt-light\" data-id=\"21925a48\" data-element_type=\"section\" data-settings=\"{&quot;background_background&quot;:&quot;classic&quot;}\">\n\t\t\t\t\t\t<div class=\"elementor-container elementor-column-gap-default\">\n\t\t\t\t\t<div class=\"elementor-column elementor-col-100 elementor-top-column elementor-element elementor-element-323c20b1\" data-id=\"323c20b1\" data-element_type=\"column\">\n\t\t\t<div class=\"elementor-widget-wrap elementor-element-populated\">\n\t\t\t\t\t\t\t\t<div class=\"elementor-element elementor-element-41653add elementor-widget elementor-widget-heading\" data-id=\"41653add\" data-element_type=\"widget\" data-widget_type=\"heading.default\">\n\t\t\t\t<div class=\"elementor-widget-container\">\n\t\t\t<h2 class=\"elementor-heading-title elementor-size-default\">NEWS<\/h2>\t\t<\/div>\n\t\t\t\t<\/div>\n\t\t\t\t\t<\/div>\n\t\t<\/div>\n\t\t\t\t\t\t\t<\/div>\n\t\t<\/section>\n\t\t\t\t<section data-particle_enable=\"false\" data-particle-mobile-disabled=\"false\" class=\"elementor-section elementor-top-section elementor-element elementor-element-6cd7d5c3 elementor-section-boxed elementor-section-height-default elementor-section-height-default mkdf-parallax-row-no mkdf-content-aligment-left mkdf-elementor-row-grid-no mkdf-disabled-bg-image-bellow-no mkdf-row-btt-light\" data-id=\"6cd7d5c3\" data-element_type=\"section\">\n\t\t\t\t\t\t<div class=\"elementor-container elementor-column-gap-default\">\n\t\t\t\t\t<div class=\"elementor-column elementor-col-100 elementor-top-column elementor-element elementor-element-3a60b759\" data-id=\"3a60b759\" data-element_type=\"column\">\n\t\t\t<div class=\"elementor-widget-wrap elementor-element-populated\">\n\t\t\t\t\t\t\t\t<div class=\"elementor-element elementor-element-c3c9dfd elementor-grid-3 elementor-grid-tablet-2 elementor-grid-mobile-1 elementor-posts--thumbnail-top elementor-card-shadow-yes elementor-posts__hover-gradient elementor-widget elementor-widget-posts\" data-id=\"c3c9dfd\" data-element_type=\"widget\" data-settings=\"{&quot;pagination_type&quot;:&quot;numbers&quot;,&quot;cards_columns&quot;:&quot;3&quot;,&quot;cards_columns_tablet&quot;:&quot;2&quot;,&quot;cards_columns_mobile&quot;:&quot;1&quot;,&quot;cards_row_gap&quot;:{&quot;unit&quot;:&quot;px&quot;,&quot;size&quot;:35,&quot;sizes&quot;:[]}}\" data-widget_type=\"posts.cards\">\n\t\t\t\t<div class=\"elementor-widget-container\">\n\t\t\t\t\t<div class=\"elementor-posts-container elementor-posts elementor-posts--skin-cards elementor-grid\">\n\t\t\t\t<article class=\"elementor-post elementor-grid-item post-2260 post type-post status-publish format-gallery has-post-thumbnail hentry category-non-categorizzato post_format-post-format-gallery\">\n\t\t\t<div class=\"elementor-post__card\">\n\t\t\t\t<a class=\"elementor-post__thumbnail__link\" href=\"https:\/\/www.dolomitirocce.it\/de\/completati-i-primi-due-pali-d-1800-mm-a-rijeka\/\" >\n\t\t\t<div class=\"elementor-post__thumbnail\"><img width=\"2560\" height=\"1920\" src=\"https:\/\/www.dolomitirocce.it\/wp-content\/uploads\/2019\/04\/1-scaled.jpeg\" class=\"attachment-full size-full\" alt=\"\" loading=\"lazy\" srcset=\"https:\/\/www.dolomitirocce.it\/wp-content\/uploads\/2019\/04\/1-scaled.jpeg 2560w, https:\/\/www.dolomitirocce.it\/wp-content\/uploads\/2019\/04\/1-300x225.jpeg 300w, https:\/\/www.dolomitirocce.it\/wp-content\/uploads\/2019\/04\/1-1024x768.jpeg 1024w, https:\/\/www.dolomitirocce.it\/wp-content\/uploads\/2019\/04\/1-768x576.jpeg 768w, https:\/\/www.dolomitirocce.it\/wp-content\/uploads\/2019\/04\/1-1536x1152.jpeg 1536w\" sizes=\"(max-width: 2560px) 100vw, 2560px\" \/><\/div>\n\t\t<\/a>\n\t\t\t\t<div class=\"elementor-post__text\">\n\t\t\t\t<h2 class=\"elementor-post__title\">\n\t\t\t<a href=\"https:\/\/www.dolomitirocce.it\/de\/completati-i-primi-due-pali-d-1800-mm-a-rijeka\/\" >\n\t\t\t\tCompletati i primi due pali D. 1800 mm a Rijeka\t\t\t<\/a>\n\t\t<\/h2>\n\t\t\t\t<div class=\"elementor-post__excerpt\">\n\t\t\t<p>Sono stati eseguiti con successo i primi due pali di 1800 mm di diametro presso il porto di Rijeka. I pali vengono eseguiti da una profondit\u00e0 di -12 m ad una profondit\u00e0 di -35 m, attraversando quindi un ingente battente<\/p>\n\t\t<\/div>\n\t\t\t\t\t<a class=\"elementor-post__read-more\" href=\"https:\/\/www.dolomitirocce.it\/de\/completati-i-primi-due-pali-d-1800-mm-a-rijeka\/\" >\n\t\t\t\tLeggi Tutto \u00bb\t\t\t<\/a>\n\t\t\t\t<\/div>\n\t\t\t\t<div class=\"elementor-post__meta-data\">\n\t\t\t\t\t<span class=\"elementor-post-date\">\n\t\t\t18 Dezember 2020\t\t<\/span>\n\t\t\t\t<\/div>\n\t\t\t\t\t<\/div>\n\t\t<\/article>\n\t\t\t\t<article class=\"elementor-post elementor-grid-item post-2239 post type-post status-publish format-standard has-post-thumbnail hentry category-non-categorizzato\">\n\t\t\t<div class=\"elementor-post__card\">\n\t\t\t\t<a class=\"elementor-post__thumbnail__link\" href=\"https:\/\/www.dolomitirocce.it\/de\/finite-le-perforazioni-a-linz\/\" >\n\t\t\t<div class=\"elementor-post__thumbnail\"><img width=\"1280\" height=\"960\" src=\"https:\/\/www.dolomitirocce.it\/wp-content\/uploads\/2019\/04\/0.jpeg\" class=\"attachment-full size-full\" alt=\"\" loading=\"lazy\" srcset=\"https:\/\/www.dolomitirocce.it\/wp-content\/uploads\/2019\/04\/0.jpeg 1280w, https:\/\/www.dolomitirocce.it\/wp-content\/uploads\/2019\/04\/0-300x225.jpeg 300w, https:\/\/www.dolomitirocce.it\/wp-content\/uploads\/2019\/04\/0-1024x768.jpeg 1024w, https:\/\/www.dolomitirocce.it\/wp-content\/uploads\/2019\/04\/0-768x576.jpeg 768w\" sizes=\"(max-width: 1280px) 100vw, 1280px\" \/><\/div>\n\t\t<\/a>\n\t\t\t\t<div class=\"elementor-post__text\">\n\t\t\t\t<h2 class=\"elementor-post__title\">\n\t\t\t<a href=\"https:\/\/www.dolomitirocce.it\/de\/finite-le-perforazioni-a-linz\/\" >\n\t\t\t\tFinite le perforazioni a Linz\t\t\t<\/a>\n\t\t<\/h2>\n\t\t\t\t<div class=\"elementor-post__excerpt\">\n\t\t\t<p>Pi\u00f9 di un anno di lavoro, 11400 metri di perforazione, l&#8217;installazione completa di 247 tiranti. Finalmente abbiamo concluso la fase di perforazione. Il ringraziamento per questo importante traguardo va all&#8217;intero team ed in particolar modo alle squadre operative per il<\/p>\n\t\t<\/div>\n\t\t\t\t\t<a class=\"elementor-post__read-more\" href=\"https:\/\/www.dolomitirocce.it\/de\/finite-le-perforazioni-a-linz\/\" >\n\t\t\t\tLeggi Tutto \u00bb\t\t\t<\/a>\n\t\t\t\t<\/div>\n\t\t\t\t<div class=\"elementor-post__meta-data\">\n\t\t\t\t\t<span class=\"elementor-post-date\">\n\t\t\t16 Oktober 2020\t\t<\/span>\n\t\t\t\t<\/div>\n\t\t\t\t\t<\/div>\n\t\t<\/article>\n\t\t\t\t<article class=\"elementor-post elementor-grid-item post-2215 post type-post status-publish format-standard has-post-thumbnail hentry category-non-categorizzato\">\n\t\t\t<div class=\"elementor-post__card\">\n\t\t\t\t<a class=\"elementor-post__thumbnail__link\" href=\"https:\/\/www.dolomitirocce.it\/de\/completato-con-successo-il-primo-progetto-in-norvegia\/\" >\n\t\t\t<div class=\"elementor-post__thumbnail\"><img width=\"2560\" height=\"1920\" src=\"https:\/\/www.dolomitirocce.it\/wp-content\/uploads\/2019\/04\/7-scaled.jpeg\" class=\"attachment-full size-full\" alt=\"\" loading=\"lazy\" srcset=\"https:\/\/www.dolomitirocce.it\/wp-content\/uploads\/2019\/04\/7-scaled.jpeg 2560w, https:\/\/www.dolomitirocce.it\/wp-content\/uploads\/2019\/04\/7-300x225.jpeg 300w, https:\/\/www.dolomitirocce.it\/wp-content\/uploads\/2019\/04\/7-1024x768.jpeg 1024w, https:\/\/www.dolomitirocce.it\/wp-content\/uploads\/2019\/04\/7-768x576.jpeg 768w, https:\/\/www.dolomitirocce.it\/wp-content\/uploads\/2019\/04\/7-1536x1152.jpeg 1536w\" sizes=\"(max-width: 2560px) 100vw, 2560px\" \/><\/div>\n\t\t<\/a>\n\t\t\t\t<div class=\"elementor-post__text\">\n\t\t\t\t<h2 class=\"elementor-post__title\">\n\t\t\t<a href=\"https:\/\/www.dolomitirocce.it\/de\/completato-con-successo-il-primo-progetto-in-norvegia\/\" >\n\t\t\t\tCompletato con successo il primo progetto in Norvegia!!\t\t\t<\/a>\n\t\t<\/h2>\n\t\t\t\t<div class=\"elementor-post__excerpt\">\n\t\t\t<p>Completati i lavori abbiamo consegnato il nostro primo lavoro in Norvegia! Il lavoro svolto in collaborazione con Jetgruun AS, presso il sito di Livsvitenskapbygge a Oslo per Statsbygg \u2013 Universit\u00e0 di Oslo &#8211; Hent, consisteva nella realizzazione di colonne di<\/p>\n\t\t<\/div>\n\t\t\t\t\t<a class=\"elementor-post__read-more\" href=\"https:\/\/www.dolomitirocce.it\/de\/completato-con-successo-il-primo-progetto-in-norvegia\/\" >\n\t\t\t\tLeggi Tutto \u00bb\t\t\t<\/a>\n\t\t\t\t<\/div>\n\t\t\t\t<div class=\"elementor-post__meta-data\">\n\t\t\t\t\t<span class=\"elementor-post-date\">\n\t\t\t18 September 2020\t\t<\/span>\n\t\t\t\t<\/div>\n\t\t\t\t\t<\/div>\n\t\t<\/article>\n\t\t\t\t<article class=\"elementor-post elementor-grid-item post-2201 post type-post status-publish format-standard has-post-thumbnail hentry category-non-categorizzato\">\n\t\t\t<div class=\"elementor-post__card\">\n\t\t\t\t<a class=\"elementor-post__thumbnail__link\" href=\"https:\/\/www.dolomitirocce.it\/de\/iniziati-i-lavori-a-rocca-pietore-bl\/\" >\n\t\t\t<div class=\"elementor-post__thumbnail\"><img width=\"2560\" height=\"1920\" src=\"https:\/\/www.dolomitirocce.it\/wp-content\/uploads\/2019\/04\/2-1-1-scaled.jpeg\" class=\"attachment-full size-full\" alt=\"\" loading=\"lazy\" srcset=\"https:\/\/www.dolomitirocce.it\/wp-content\/uploads\/2019\/04\/2-1-1-scaled.jpeg 2560w, https:\/\/www.dolomitirocce.it\/wp-content\/uploads\/2019\/04\/2-1-1-300x225.jpeg 300w, https:\/\/www.dolomitirocce.it\/wp-content\/uploads\/2019\/04\/2-1-1-1024x768.jpeg 1024w, https:\/\/www.dolomitirocce.it\/wp-content\/uploads\/2019\/04\/2-1-1-768x576.jpeg 768w, https:\/\/www.dolomitirocce.it\/wp-content\/uploads\/2019\/04\/2-1-1-1536x1152.jpeg 1536w\" sizes=\"(max-width: 2560px) 100vw, 2560px\" \/><\/div>\n\t\t<\/a>\n\t\t\t\t<div class=\"elementor-post__text\">\n\t\t\t\t<h2 class=\"elementor-post__title\">\n\t\t\t<a href=\"https:\/\/www.dolomitirocce.it\/de\/iniziati-i-lavori-a-rocca-pietore-bl\/\" >\n\t\t\t\tIniziati i lavori a Rocca Pietore (BL)\t\t\t<\/a>\n\t\t<\/h2>\n\t\t\t\t<div class=\"elementor-post__excerpt\">\n\t\t\t<p>Con l&#8217;inizio dei lavori di esbosco si aprono le attivit\u00e0 presso l&#8217;abitato di Rocca Pietore (BL). Il lavoro ci vedr\u00e0 impegnati nei prossimi mesi nella creazione di pi\u00f9 di 400 metri di barriere paramassi e di un gran numero di<\/p>\n\t\t<\/div>\n\t\t\t\t\t<a class=\"elementor-post__read-more\" href=\"https:\/\/www.dolomitirocce.it\/de\/iniziati-i-lavori-a-rocca-pietore-bl\/\" >\n\t\t\t\tLeggi Tutto \u00bb\t\t\t<\/a>\n\t\t\t\t<\/div>\n\t\t\t\t<div class=\"elementor-post__meta-data\">\n\t\t\t\t\t<span class=\"elementor-post-date\">\n\t\t\t20 August 2020\t\t<\/span>\n\t\t\t\t<\/div>\n\t\t\t\t\t<\/div>\n\t\t<\/article>\n\t\t\t\t<article class=\"elementor-post elementor-grid-item post-2186 post type-post status-publish format-standard has-post-thumbnail hentry category-non-categorizzato\">\n\t\t\t<div class=\"elementor-post__card\">\n\t\t\t\t<a class=\"elementor-post__thumbnail__link\" href=\"https:\/\/www.dolomitirocce.it\/de\/terminati-i-lavori-a-sarentino\/\" >\n\t\t\t<div class=\"elementor-post__thumbnail\"><img width=\"2560\" height=\"1920\" src=\"https:\/\/www.dolomitirocce.it\/wp-content\/uploads\/2019\/04\/1b-scaled.jpeg\" class=\"attachment-full size-full\" alt=\"\" loading=\"lazy\" srcset=\"https:\/\/www.dolomitirocce.it\/wp-content\/uploads\/2019\/04\/1b-scaled.jpeg 2560w, https:\/\/www.dolomitirocce.it\/wp-content\/uploads\/2019\/04\/1b-300x225.jpeg 300w, https:\/\/www.dolomitirocce.it\/wp-content\/uploads\/2019\/04\/1b-1024x768.jpeg 1024w, https:\/\/www.dolomitirocce.it\/wp-content\/uploads\/2019\/04\/1b-768x576.jpeg 768w, https:\/\/www.dolomitirocce.it\/wp-content\/uploads\/2019\/04\/1b-1536x1152.jpeg 1536w\" sizes=\"(max-width: 2560px) 100vw, 2560px\" \/><\/div>\n\t\t<\/a>\n\t\t\t\t<div class=\"elementor-post__text\">\n\t\t\t\t<h2 class=\"elementor-post__title\">\n\t\t\t<a href=\"https:\/\/www.dolomitirocce.it\/de\/terminati-i-lavori-a-sarentino\/\" >\n\t\t\t\tTerminati i Lavori a Sarentino\t\t\t<\/a>\n\t\t<\/h2>\n\t\t\t\t<div class=\"elementor-post__excerpt\">\n\t\t\t<p>Nei primi giorni di Agosto sono terminati i lavori presso Sarentino (BZ). Con questo intervento di barriere paramassi \u00e8 stata messa in sicurezza la statale 508, minacciata dai pericolosi versanti adiacenti devastati dalla tempesta Vaia ad Ottobre 2018.<\/p>\n\t\t<\/div>\n\t\t\t\t\t<a class=\"elementor-post__read-more\" href=\"https:\/\/www.dolomitirocce.it\/de\/terminati-i-lavori-a-sarentino\/\" >\n\t\t\t\tLeggi Tutto \u00bb\t\t\t<\/a>\n\t\t\t\t<\/div>\n\t\t\t\t<div class=\"elementor-post__meta-data\">\n\t\t\t\t\t<span class=\"elementor-post-date\">\n\t\t\t7 August 2020\t\t<\/span>\n\t\t\t\t<\/div>\n\t\t\t\t\t<\/div>\n\t\t<\/article>\n\t\t\t\t<article class=\"elementor-post elementor-grid-item post-2135 post type-post status-publish format-standard has-post-thumbnail hentry category-non-categorizzato\">\n\t\t\t<div class=\"elementor-post__card\">\n\t\t\t\t<a class=\"elementor-post__thumbnail__link\" href=\"https:\/\/www.dolomitirocce.it\/de\/terminato-intervento-lungo-la-pista-rio-gere\/\" >\n\t\t\t<div class=\"elementor-post__thumbnail\"><img width=\"1200\" height=\"1600\" src=\"https:\/\/www.dolomitirocce.it\/wp-content\/uploads\/2019\/04\/2.jpeg\" class=\"attachment-full size-full\" alt=\"\" loading=\"lazy\" srcset=\"https:\/\/www.dolomitirocce.it\/wp-content\/uploads\/2019\/04\/2.jpeg 1200w, https:\/\/www.dolomitirocce.it\/wp-content\/uploads\/2019\/04\/2-225x300.jpeg 225w, https:\/\/www.dolomitirocce.it\/wp-content\/uploads\/2019\/04\/2-768x1024.jpeg 768w, https:\/\/www.dolomitirocce.it\/wp-content\/uploads\/2019\/04\/2-1152x1536.jpeg 1152w\" sizes=\"(max-width: 1200px) 100vw, 1200px\" \/><\/div>\n\t\t<\/a>\n\t\t\t\t<div class=\"elementor-post__text\">\n\t\t\t\t<h2 class=\"elementor-post__title\">\n\t\t\t<a href=\"https:\/\/www.dolomitirocce.it\/de\/terminato-intervento-lungo-la-pista-rio-gere\/\" >\n\t\t\t\tTerminato intervento lungo la pista &#8220;Rio Gere&#8221;\t\t\t<\/a>\n\t\t<\/h2>\n\t\t\t\t<div class=\"elementor-post__excerpt\">\n\t\t\t<p>Terminato in questi giorni l&#8217;intervento lungo la pista da sci &#8220;Rio Gere&#8221; che ci ha visti impegnati nei lavori di consolidamento per la messa in sicurezza delle pareti rocciose lungo il tracciato della pista. L&#8217;intervento iniziato sul finire del 2019<\/p>\n\t\t<\/div>\n\t\t\t\t\t<a class=\"elementor-post__read-more\" href=\"https:\/\/www.dolomitirocce.it\/de\/terminato-intervento-lungo-la-pista-rio-gere\/\" >\n\t\t\t\tLeggi Tutto \u00bb\t\t\t<\/a>\n\t\t\t\t<\/div>\n\t\t\t\t<div class=\"elementor-post__meta-data\">\n\t\t\t\t\t<span class=\"elementor-post-date\">\n\t\t\t30 Mai 2020\t\t<\/span>\n\t\t\t\t<\/div>\n\t\t\t\t\t<\/div>\n\t\t<\/article>\n\t\t\t\t<article class=\"elementor-post elementor-grid-item post-2110 post type-post status-publish format-standard has-post-thumbnail hentry category-non-categorizzato\">\n\t\t\t<div class=\"elementor-post__card\">\n\t\t\t\t<a class=\"elementor-post__thumbnail__link\" href=\"https:\/\/www.dolomitirocce.it\/de\/qualita-e-competenze-messe-alla-prova\/\" >\n\t\t\t<div class=\"elementor-post__thumbnail\"><img width=\"900\" height=\"1600\" src=\"https:\/\/www.dolomitirocce.it\/wp-content\/uploads\/2019\/04\/2b.jpeg\" class=\"attachment-full size-full\" alt=\"\" loading=\"lazy\" srcset=\"https:\/\/www.dolomitirocce.it\/wp-content\/uploads\/2019\/04\/2b.jpeg 900w, https:\/\/www.dolomitirocce.it\/wp-content\/uploads\/2019\/04\/2b-169x300.jpeg 169w, https:\/\/www.dolomitirocce.it\/wp-content\/uploads\/2019\/04\/2b-576x1024.jpeg 576w, https:\/\/www.dolomitirocce.it\/wp-content\/uploads\/2019\/04\/2b-768x1365.jpeg 768w, https:\/\/www.dolomitirocce.it\/wp-content\/uploads\/2019\/04\/2b-864x1536.jpeg 864w\" sizes=\"(max-width: 900px) 100vw, 900px\" \/><\/div>\n\t\t<\/a>\n\t\t\t\t<div class=\"elementor-post__text\">\n\t\t\t\t<h2 class=\"elementor-post__title\">\n\t\t\t<a href=\"https:\/\/www.dolomitirocce.it\/de\/qualita-e-competenze-messe-alla-prova\/\" >\n\t\t\t\tQualit\u00e0 e competenze messe alla prova\t\t\t<\/a>\n\t\t<\/h2>\n\t\t\t\t<div class=\"elementor-post__excerpt\">\n\t\t\t<p>Nei giorni scorsi presso la miniera nel territorio comunale di Caneva (PN) si \u00e8 verificata una frana caratterizzata dal distacco di importanti blocchi di roccia che potevano causare danni rilevanti alla strada comunale sottostante o coinvolgere persone di passaggio. Gli<\/p>\n\t\t<\/div>\n\t\t\t\t\t<a class=\"elementor-post__read-more\" href=\"https:\/\/www.dolomitirocce.it\/de\/qualita-e-competenze-messe-alla-prova\/\" >\n\t\t\t\tLeggi Tutto \u00bb\t\t\t<\/a>\n\t\t\t\t<\/div>\n\t\t\t\t<div class=\"elementor-post__meta-data\">\n\t\t\t\t\t<span class=\"elementor-post-date\">\n\t\t\t18 Mai 2020\t\t<\/span>\n\t\t\t\t<\/div>\n\t\t\t\t\t<\/div>\n\t\t<\/article>\n\t\t\t\t<article class=\"elementor-post elementor-grid-item post-2079 post type-post status-publish format-standard has-post-thumbnail hentry category-non-categorizzato\">\n\t\t\t<div class=\"elementor-post__card\">\n\t\t\t\t<a class=\"elementor-post__thumbnail__link\" href=\"https:\/\/www.dolomitirocce.it\/de\/laustria-riparte\/\" >\n\t\t\t<div class=\"elementor-post__thumbnail\"><img width=\"2560\" height=\"1920\" src=\"https:\/\/www.dolomitirocce.it\/wp-content\/uploads\/2019\/04\/2-1-scaled.jpeg\" class=\"attachment-full size-full\" alt=\"\" loading=\"lazy\" srcset=\"https:\/\/www.dolomitirocce.it\/wp-content\/uploads\/2019\/04\/2-1-scaled.jpeg 2560w, https:\/\/www.dolomitirocce.it\/wp-content\/uploads\/2019\/04\/2-1-300x225.jpeg 300w, https:\/\/www.dolomitirocce.it\/wp-content\/uploads\/2019\/04\/2-1-1024x768.jpeg 1024w, https:\/\/www.dolomitirocce.it\/wp-content\/uploads\/2019\/04\/2-1-768x576.jpeg 768w, https:\/\/www.dolomitirocce.it\/wp-content\/uploads\/2019\/04\/2-1-1536x1152.jpeg 1536w\" sizes=\"(max-width: 2560px) 100vw, 2560px\" \/><\/div>\n\t\t<\/a>\n\t\t\t\t<div class=\"elementor-post__text\">\n\t\t\t\t<h2 class=\"elementor-post__title\">\n\t\t\t<a href=\"https:\/\/www.dolomitirocce.it\/de\/laustria-riparte\/\" >\n\t\t\t\tL&#8217;Austria riparte!\t\t\t<\/a>\n\t\t<\/h2>\n\t\t\t\t<div class=\"elementor-post__excerpt\">\n\t\t\t<p>Riparte anche il cantiere sulle pile dell&#8217;autostrada A10, presso l&#8217;abitato di Spittal (Austria). Dopo il periodo pasquale e la partenza di alcune somme urgenze locali, nel rispetto delle regole imposte a causa della pandemia di COVID-19, siamo tornati a lavorare<\/p>\n\t\t<\/div>\n\t\t\t\t\t<a class=\"elementor-post__read-more\" href=\"https:\/\/www.dolomitirocce.it\/de\/laustria-riparte\/\" >\n\t\t\t\tLeggi Tutto \u00bb\t\t\t<\/a>\n\t\t\t\t<\/div>\n\t\t\t\t<div class=\"elementor-post__meta-data\">\n\t\t\t\t\t<span class=\"elementor-post-date\">\n\t\t\t16 April 2020\t\t<\/span>\n\t\t\t\t<\/div>\n\t\t\t\t\t<\/div>\n\t\t<\/article>\n\t\t\t\t<article class=\"elementor-post elementor-grid-item post-2058 post type-post status-publish format-standard has-post-thumbnail hentry category-non-categorizzato\">\n\t\t\t<div class=\"elementor-post__card\">\n\t\t\t\t<a class=\"elementor-post__thumbnail__link\" href=\"https:\/\/www.dolomitirocce.it\/de\/messo-in-sicurezza-labitato-di-campione-del-garda\/\" >\n\t\t\t<div class=\"elementor-post__thumbnail\"><img width=\"1599\" height=\"1200\" src=\"https:\/\/www.dolomitirocce.it\/wp-content\/uploads\/2019\/04\/2c.jpeg\" class=\"attachment-full size-full\" alt=\"\" loading=\"lazy\" srcset=\"https:\/\/www.dolomitirocce.it\/wp-content\/uploads\/2019\/04\/2c.jpeg 1599w, https:\/\/www.dolomitirocce.it\/wp-content\/uploads\/2019\/04\/2c-300x225.jpeg 300w, https:\/\/www.dolomitirocce.it\/wp-content\/uploads\/2019\/04\/2c-1024x768.jpeg 1024w, https:\/\/www.dolomitirocce.it\/wp-content\/uploads\/2019\/04\/2c-768x576.jpeg 768w, https:\/\/www.dolomitirocce.it\/wp-content\/uploads\/2019\/04\/2c-1536x1153.jpeg 1536w\" sizes=\"(max-width: 1599px) 100vw, 1599px\" \/><\/div>\n\t\t<\/a>\n\t\t\t\t<div class=\"elementor-post__text\">\n\t\t\t\t<h2 class=\"elementor-post__title\">\n\t\t\t<a href=\"https:\/\/www.dolomitirocce.it\/de\/messo-in-sicurezza-labitato-di-campione-del-garda\/\" >\n\t\t\t\tMesso in sicurezza l&#8217;abitato di Campione del Garda\t\t\t<\/a>\n\t\t<\/h2>\n\t\t\t\t<div class=\"elementor-post__excerpt\">\n\t\t\t<p>Sono terminati i lavori di messa in sicurezza delle pareti rocciose alte pi\u00f9 di 100 metri, che sovrastano l&#8217;abitato di Campione del Garda. Vista l&#8217;altezza particolarmente proibitiva della parete si \u00e8 reso necessario, oltre che l&#8217;utilizzo di personale altamente qualificato,<\/p>\n\t\t<\/div>\n\t\t\t\t\t<a class=\"elementor-post__read-more\" href=\"https:\/\/www.dolomitirocce.it\/de\/messo-in-sicurezza-labitato-di-campione-del-garda\/\" >\n\t\t\t\tLeggi Tutto \u00bb\t\t\t<\/a>\n\t\t\t\t<\/div>\n\t\t\t\t<div class=\"elementor-post__meta-data\">\n\t\t\t\t\t<span class=\"elementor-post-date\">\n\t\t\t6 April 2020\t\t<\/span>\n\t\t\t\t<\/div>\n\t\t\t\t\t<\/div>\n\t\t<\/article>\n\t\t\t\t<\/div>\n\n\n\t\t\n\t\t\t\t<div class=\"e-load-more-anchor\" data-page=\"1\" data-max-page=\"2\"><\/div>\n\t\t\t\t<nav class=\"elementor-pagination\" role=\"navigation\" aria-label=\"Paginierung\">\n\t\t\t<span aria-current=\"page\" class=\"page-numbers current\"><span class=\"elementor-screen-only\">Seite<\/span>1<\/span>\n<a class=\"page-numbers\" href=\"https:\/\/www.dolomitirocce.it\/de\/wp-json\/wp\/v2\/pages\/9293\/page\/2\/\"><span class=\"elementor-screen-only\">Seite<\/span>2<\/a>\t\t<\/nav>\n\t\t\t\t<\/div>\n\t\t\t\t<\/div>\n\t\t\t\t\t<\/div>\n\t\t<\/div>\n\t\t\t\t\t\t\t<\/div>\n\t\t<\/section>\n\t\t\t\t\t\t<\/div>\n\t\t\t\t\t<\/div>","protected":false},"excerpt":{"rendered":"<p>NEWS NEWS<\/p>","protected":false},"author":1,"featured_media":0,"parent":0,"menu_order":0,"comment_status":"closed","ping_status":"closed","template":"elementor_header_footer","meta":[],"_links":{"self":[{"href":"https:\/\/www.dolomitirocce.it\/de\/wp-json\/wp\/v2\/pages\/9293"}],"collection":[{"href":"https:\/\/www.dolomitirocce.it\/de\/wp-json\/wp\/v2\/pages"}],"about":[{"href":"https:\/\/www.dolomitirocce.it\/de\/wp-json\/wp\/v2\/types\/page"}],"author":[{"embeddable":true,"href":"https:\/\/www.dolomitirocce.it\/de\/wp-json\/wp\/v2\/users\/1"}],"replies":[{"embeddable":true,"href":"https:\/\/www.dolomitirocce.it\/de\/wp-json\/wp\/v2\/comments?post=9293"}],"version-history":[{"count":19,"href":"https:\/\/www.dolomitirocce.it\/de\/wp-json\/wp\/v2\/pages\/9293\/revisions"}],"predecessor-version":[{"id":10562,"href":"https:\/\/www.dolomitirocce.it\/de\/wp-json\/wp\/v2\/pages\/9293\/revisions\/10562"}],"wp:attachment":[{"href":"https:\/\/www.dolomitirocce.it\/de\/wp-json\/wp\/v2\/media?parent=9293"}],"curies":[{"name":"wp","href":"https:\/\/api.w.org\/{rel}","templated":true}]}}